{"id":924,"date":"2021-02-20T18:51:55","date_gmt":"2021-02-20T18:51:55","guid":{"rendered":"https:\/\/efitransa.com\/privacy-policy-and-cookies\/"},"modified":"2021-03-30T18:35:45","modified_gmt":"2021-03-30T18:35:45","slug":"privacy-policy-and-cookies","status":"publish","type":"page","link":"https:\/\/efitransa.com\/fr\/privacy-policy-and-cookies\/","title":{"rendered":"Privacy policy and cookies"},"content":{"rendered":"[vc_row type=\u00a0\u00bbin_container\u00a0\u00bb full_screen_row_position=\u00a0\u00bbmiddle\u00a0\u00bb column_margin=\u00a0\u00bbdefault\u00a0\u00bb column_direction=\u00a0\u00bbdefault\u00a0\u00bb column_direction_tablet=\u00a0\u00bbdefault\u00a0\u00bb column_direction_phone=\u00a0\u00bbdefault\u00a0\u00bb scene_position=\u00a0\u00bbcenter\u00a0\u00bb text_color=\u00a0\u00bbdark\u00a0\u00bb text_align=\u00a0\u00bbleft\u00a0\u00bb row_border_radius=\u00a0\u00bbnone\u00a0\u00bb row_border_radius_applies=\u00a0\u00bbbg\u00a0\u00bb overlay_strength=\u00a0\u00bb0.3&Prime; gradient_direction=\u00a0\u00bbleft_to_right\u00a0\u00bb shape_divider_position=\u00a0\u00bbbottom\u00a0\u00bb bg_image_animation=\u00a0\u00bbnone\u00a0\u00bb][vc_column column_padding=\u00a0\u00bbno-extra-padding\u00a0\u00bb column_padding_tablet=\u00a0\u00bbinherit\u00a0\u00bb column_padding_phone=\u00a0\u00bbinherit\u00a0\u00bb column_padding_position=\u00a0\u00bball\u00a0\u00bb background_color_opacity=\u00a0\u00bb1&Prime; background_hover_color_opacity=\u00a0\u00bb1&Prime; column_shadow=\u00a0\u00bbnone\u00a0\u00bb column_border_radius=\u00a0\u00bbnone\u00a0\u00bb column_link_target=\u00a0\u00bb_self\u00a0\u00bb gradient_direction=\u00a0\u00bbleft_to_right\u00a0\u00bb overlay_strength=\u00a0\u00bb0.3&Prime; width=\u00a0\u00bb1\/1&Prime; tablet_width_inherit=\u00a0\u00bbdefault\u00a0\u00bb tablet_text_alignment=\u00a0\u00bbdefault\u00a0\u00bb phone_text_alignment=\u00a0\u00bbdefault\u00a0\u00bb column_border_width=\u00a0\u00bbnone\u00a0\u00bb column_border_style=\u00a0\u00bbsolid\u00a0\u00bb bg_image_animation=\u00a0\u00bbnone\u00a0\u00bb][vc_column_text]\n<h1>POLITIQUE DE CONFIDENTIALIT\u00c9 ET DE COOKIES<\/h1>\n<h3>PROTECTION DES DONN\u00c9ES PERSONNELLES<\/h3>\n[\/vc_column_text][divider line_type=\u00a0\u00bbSmall Line\u00a0\u00bb line_alignment=\u00a0\u00bbdefault\u00a0\u00bb line_thickness=\u00a0\u00bb3&Prime; divider_color=\u00a0\u00bbaccent-color\u00a0\u00bb custom_height=\u00a0\u00bb30&Prime;][vc_column_text]Les donn\u00e9es personnelles li\u00e9es \u00e0 ce site sont conformes aux exigences de la loi organique 3\/2018, du 5 d\u00e9cembre, sur la protection des donn\u00e9es personnelles et la garantie des droits num\u00e9riques et d\u2019autres l\u00e9gislations et r\u00e9glementations en vigueur en mati\u00e8re de protection des donn\u00e9es.<\/p>\n<p><strong>QUI EST RESPONSABLE DU TRAITEMENT?<\/strong><\/p>\n<p>Raison sociale :\u00a0<strong>EFITRANSA EFFICIENT LOGISTICS, S.L.U.<\/strong>\u00a0(ci-apr\u00e8s \u00abEFITRANSA\u00bb).<\/p>\n<p>Adresse fiscale: C\/ Plaza de La Princesa n 7-9 1\u00ba IZQ \u2013 362020 \u2013 Vigo (Pontevedra) \u2013 SPAIN.<\/p>\n<ul>\n<li>C.I.F: B87457123 (VAT: ESB87457123)<\/li>\n<li>T\u00e9l: +34 986248125<\/li>\n<li>Courriel: info@efitransa.com<\/li>\n<\/ul>\n<p><strong>\u00c0 QUELLE FINS TRAITONS-NOUS VOS DONN\u00c9ES PERSONNELLES?<\/strong><\/p>\n<p>Les donn\u00e9es personnelles sont utilis\u00e9es afin de g\u00e9rer l\u2019envoi des informations demand\u00e9es via la rubrique contact.<\/p>\n<p>\u00c9galement afin de vous envoyer des informations sur les services et produits que nous consid\u00e9rons susceptibles de vous int\u00e9resser.<\/p>\n<p><strong>HOW LONG WILL WE KEEP YOUR PERSONAL DATACOMBIEN DE TEMPS CONSERVERONS-NOUS VOS DONN\u00c9ES PERSONNELLES?<\/strong><\/p>\n<p>Vos donn\u00e9es seront conserv\u00e9es le temps n\u00e9cessaire \u00e0 la bonne prestation du service propos\u00e9, ainsi que pour assumer les responsabilit\u00e9s qui pourraient en d\u00e9couler.<\/p>\n<p><strong>QUELLE EST LA L\u00c9GITIMATION POUR LE TRAITEMENT DE VOS DONN\u00c9ES?<\/strong><\/p>\n<p>La l\u00e9gitimit\u00e9 du traitement d\u00e9pend de chacun des objectifs \u00e9nonc\u00e9s ci-dessus, \u00e9tant le consentement, dans le cas de la demande d\u2019informations via la rubrique contact, ou de la relation pr\u00e9contractuelle \/ contractuelle, dans le cas d\u2019une demande de devis.<\/p>\n<p><strong>\u00c0 QUELS DESTINATAIRES VOS DONN\u00c9ES SERONT-ELLES COMMUNIQU\u00c9ES?<\/strong><\/p>\n<p>Aucune communication de donn\u00e9es ne sera faite \u00e0 des tiers, \u00e0 l\u2019exception de celles exig\u00e9es par la loi. Dans tous les cas, des cessions seront effectu\u00e9es pour chacun des objectifs et sont disponibles dans la section correspondant \u00e0 la clause, sur notre site web.<\/p>\n<p><strong>LE TRANSFERT DE DONN\u00c9ES VERS DES PAYS TIERS SERA-T-IL EFFECTU\u00c9?<\/strong><\/p>\n<p>Aucun transfert de donn\u00e9es international n\u2019aura lieu.<\/p>\n<p><strong>QUELS SONT VOS DROITS LORSQUE VOUS NOUS FOURNISSEZ VOS DONN\u00c9ES PERSONNELLES?<\/strong><\/p>\n<ul>\n<li>Acc\u00e8s: droit d\u2019obtenir confirmation si nous traitons ou non vos donn\u00e9es personnelles, \u00e0 savoir ce qu\u2019elles sont, pour ce qu\u2019elles sont utilis\u00e9es, combien de temps elles seront stock\u00e9es, leur origine et si elles ont \u00e9t\u00e9 communiqu\u00e9es ou seront communiqu\u00e9es \u00e0 un tiers.<\/li>\n<li>Rectification: droit de demander la rectification des donn\u00e9es inexactes et de faire compl\u00e9ter les donn\u00e9es personnelles incompl\u00e8tes.<\/li>\n<li>Suppression: droit de demander la suppression des donn\u00e9es personnelles lorsqu\u2019elles sont inad\u00e9quates, excessives ou non n\u00e9cessaires aux fins pour lesquelles elles ont \u00e9t\u00e9 collect\u00e9es, y compris le droit d\u2019\u00eatre oubli\u00e9es.<\/li>\n<li>Opposition: droit de s\u2019opposer, dans certaines circonstances, au traitement de vos donn\u00e9es personnelles ou \u00e0 demander l\u2019arr\u00eat du traitement.<\/li>\n<li>Limitation du traitement: droit de demander, dans les circonstances \u00e9tablies par la loi, que vos donn\u00e9es ne soient pas trait\u00e9es au-del\u00e0 de leur simple conservation.<\/li>\n<li>Portabilit\u00e9: droit de recevoir des donn\u00e9es personnelles dans un format structur\u00e9, couramment utilis\u00e9 et m\u00e9caniquement lisible, et de pouvoir les transmettre \u00e0 un autre contr\u00f4leur, chaque fois que cela est techniquement possible.<\/li>\n<\/ul>\n<p><strong>AUREZ-VOUS LA POSSIBILIT\u00c9 DE RETIRER VOTRE CONSENTEMENT?<\/strong><\/p>\n<p>Vous aurez la possibilit\u00e9 et le droit de retirer votre consentement \u00e0 toute fin sp\u00e9cifique accord\u00e9e \u00e0 ce moment, sans affecter la l\u00e9galit\u00e9 du traitement bas\u00e9 sur le consentement avant son retrait.<\/p>\n<p>Nous vous informons que vous pouvez retirer votre consentement \u00e0 tout moment, en \u00e9crivant \u00e0 l\u2019adresse du responsable du traitement.<\/p>\n<p>Si vous retirez votre consentement, les traitements qui ont \u00e9t\u00e9 effectu\u00e9s auparavant continueront d\u2019\u00eatre valables.<\/p>\n<p><strong>O\u00d9 POUVEZ-VOUS EXERCER VOS DROITS?<\/strong><\/p>\n<p>L\u2019exercice des droits doit \u00eatre effectu\u00e9 par \u00e9crit en joignant une photocopie de votre pi\u00e8ce d\u2019identit\u00e9, et la diriger \u00e0 l\u2019adresse ci-dessus.<\/p>\n<p>Plus d\u2019informations : www.agpd.es<\/p>\n<p><strong>O\u00d9 POUVEZ-VOUS FAIRE UNE R\u00c9CLAMATION?<\/strong><\/p>\n<p>Dans le cas o\u00f9 vos droits n\u2019auraient pas \u00e9t\u00e9 respect\u00e9s, vous pouvez d\u00e9poser une r\u00e9clamation en \u00e9crivant \u00e0 l\u2019Agence espagnole de protection des donn\u00e9es situ\u00e9e \u00e0 l\u2019adresse Calle Jorge Juan, 6 \u2013 28001 \u2013 Madrid ou en utilisant le site web:\u00a0<a href=\"http:\/\/web.archive.org\/web\/20210118110957\/https:\/\/sedeagpd.gob.es\/\">https:\/\/sedeagpd.gob.es<\/a><\/p>\n<p>Dans les deux cas, vous devez pr\u00e9senter la documentation pertinente.<\/p>\n<h3 class=\"has-text-align-center\"><strong>POLITIQUE DE COOKIES<\/strong><\/h3>\n<p><strong>QU\u2019EST-CE QUE LES COOKIES?<\/strong><\/p>\n<p>Un cookie est un fichier ou un appareil qui est t\u00e9l\u00e9charg\u00e9 sur l\u2019\u00e9quipement terminal d\u2019un utilisateur afin de stocker des donn\u00e9es qui peuvent \u00eatre mises \u00e0 jour et r\u00e9cup\u00e9r\u00e9es par l\u2019entit\u00e9 responsable de son installation. Autrement dit, il s\u2019agit d\u2019un fichier qui est t\u00e9l\u00e9charg\u00e9 sur votre ordinateur lorsque vous acc\u00e9dez \u00e0 certaines pages Web. Les cookies permettent \u00e0 un site Web, entre autres, de stocker et de r\u00e9cup\u00e9rer des informations sur les habitudes de navigation d\u2019un utilisateur ou de son \u00e9quipement et, selon les informations qu\u2019ils contiennent et la fa\u00e7on dont ils utilisent leur \u00e9quipement, ils peuvent \u00eatre utilis\u00e9s pour reconna\u00eetre l\u2019utilisateur.<\/p>\n<p>Nous utilisons diff\u00e9rentes technologies pour collecter et stocker des donn\u00e9es lorsque vous acc\u00e9dez \u00e0 notre portail Web, y compris l\u2019envoi d\u2019un ou plusieurs cookies \u00e0 votre ordinateur.<\/p>\n<p><strong>COOKIES TIERS<\/strong><\/p>\n<p>Les cookies de Google Analytics sont utilis\u00e9s pour contr\u00f4ler les utilisateurs et les cibles.<\/p>\n<p>Il s\u2019agit de:<\/p>\n<ul>\n<li>_ga: ce cookie est utilis\u00e9 pour distinguer des utilisateurs uniques en attribuant un num\u00e9ro g\u00e9n\u00e9r\u00e9 al\u00e9atoirement comme identifiant client. Il est inclus dans chaque demande de page sur un site et est utilis\u00e9 pour calculer les donn\u00e9es de visiteur, de session et de campagne pour les rapports d\u2019analyse de site. Par d\u00e9faut, il expirera apr\u00e8s 2 ans, bien que les propri\u00e9taires de sites Web puissent le personnaliser. L\u2019objectif principal de ce cookie est: Performance._gid: Stores and updates a unique value for each page visited. The main purpose of this cookie is: Performance.<\/li>\n<li>_gid : stocke et met \u00e0 jour une valeur unique pour chaque page visit\u00e9e. L\u2019objectif principal de ce cookie est: Performance.<\/li>\n<li>1P_JAR : fournit des informations sur la fa\u00e7on dont l\u2019utilisateur final utilise le site Web et sur toute publicit\u00e9 qu\u2019il a vue avant de visiter le site Web. L\u2019objectif principal de ce cookie est: Orientation \/ Publicit\u00e9.<\/li>\n<li>CONSENTEMENT: Ce cookie contient des informations sur la fa\u00e7on dont l\u2019utilisateur final utilise le site Web et toute publicit\u00e9 que l\u2019utilisateur final a vue avant de visiter le site Web. L\u2019objectif principal de ce cookie est: Ciblage \/ Publicit\u00e9.<\/li>\n<li>NID, APISID, HSID, NID, PREF, SAPISID, SID, SSID, SIDCC : Google utilise des cookies, tels que les cookies PREF, NID et SID, afin de personnaliser les publicit\u00e9s affich\u00e9es sur les services Google tels que, par exemple, Recherche Google. Ils utilisent ces cookies, par exemple, pour vous rappeler vos recherches les plus r\u00e9centes, vos interactions pr\u00e9c\u00e9dentes avec les r\u00e9sultats de recherche ou avec la publicit\u00e9 d\u2019un annonceur, et vos visites sur le site Web d\u2019un annonceur. De cette fa\u00e7on, ils peuvent vous montrer des annonces personnalis\u00e9es sur Google. Nous utilisons des vid\u00e9os YouTube pour h\u00e9berger du contenu vid\u00e9o. Lorsque vous visitez une page de notre site Web contenant une vid\u00e9o YouTube int\u00e9gr\u00e9e, YouTube cr\u00e9e au moins trois cookies : VISITOR_INFO1_LIVE, use hitbox et PREF. Dans certains cas, un cookie GEO est cr\u00e9\u00e9. Nous utilisons les services YouTube pour la commodit\u00e9 de nos visiteurs, et tant que la politique de confidentialit\u00e9 de Google est respect\u00e9e. L\u2019objectif principal de ce cookie est : Orientation \/ Publicit\u00e9.<\/li>\n<\/ul>\n<p><strong>LISTE DES PROPRES COOKIES<\/strong><\/p>\n<p>Les propres cookies sont utilis\u00e9s pour am\u00e9liorer l\u2019exp\u00e9rience utilisateur:<\/p>\n<ul>\n<li>_atuvc, _atuvs, loc, uvc, : associ\u00e9 au widget de partage social AddThis , int\u00e9gr\u00e9 au site Web pour permettre aux visiteurs de partager du contenu avec une vari\u00e9t\u00e9 de plateformes r\u00e9seau et de ressources partag\u00e9es. Stocke un nombre de pages mises \u00e0 jour partag\u00e9es. L\u2019objectif principal de ce cookie est: Fonctionnalit\u00e9.<\/li>\n<li>cookielawinfo-checkbox-n\u00e9cessaire: associ\u00e9 au syst\u00e8me d\u2019acceptation des cookies du portail web.<\/li>\n<\/ul>\n<p><strong>COMMENT L\u2019UTILISATEUR PEUT-IL G\u00c9RER LES COOKIES?<\/strong><\/p>\n<p>Tous les navigateurs permettent \u00e0 l\u2019utilisateur d\u2019obtenir des informations g\u00e9n\u00e9rales sur les cookies install\u00e9s sur un site Internet, notamment pour v\u00e9rifier leur existence, leur dur\u00e9e ou le syst\u00e8me d\u2019\u00e9limination.<\/p>\n<p>Suivez le lien selon le navigateur que vous utilisez pour plus d\u2019informations:<\/p>\n<ul>\n<li><a href=\"http:\/\/web.archive.org\/web\/20210118110957\/https:\/\/support.google.com\/chrome\/answer\/95647?hl=es\">Google Chrome<\/a><\/li>\n<li><a href=\"http:\/\/web.archive.org\/web\/20210118110957\/https:\/\/support.mozilla.org\/es\/kb\/cookies-informacion-que-los-sitios-web-guardan-en-\">Mozilla Firefox<\/a><\/li>\n<li><a href=\"http:\/\/web.archive.org\/web\/20210118110957\/https:\/\/support.microsoft.com\/es-es\/hub\/4338813\/windows-help?os=windows-10\">Internet Explorer<\/a><\/li>\n<\/ul>\n<p>D\u2019autre part, l\u2019utilisateur peut autoriser, bloquer ou supprimer les cookies install\u00e9s sur son ordinateur en modifiant les param\u00e8tres de son navigateur en fonction des instructions indiqu\u00e9es par celui-ci.<\/p>\n<p>Il convient de noter que, si l\u2019installation de tous les cookies est emp\u00each\u00e9e, le contenu du site Web ainsi que certaines fonctionnalit\u00e9s et services fournis par celui-ci peuvent \u00eatre affect\u00e9s.[\/vc_column_text][\/vc_column][\/vc_row]\n","protected":false},"excerpt":{"rendered":"<p>[vc_row type=\u00a0\u00bbin_container\u00a0\u00bb full_screen_row_position=\u00a0\u00bbmiddle\u00a0\u00bb column_margin=\u00a0\u00bbdefault\u00a0\u00bb column_direction=\u00a0\u00bbdefault\u00a0\u00bb column_direction_tablet=\u00a0\u00bbdefault\u00a0\u00bb column_direction_phone=\u00a0\u00bbdefault\u00a0\u00bb scene_position=\u00a0\u00bbcenter\u00a0\u00bb text_color=\u00a0\u00bbdark\u00a0\u00bb text_align=\u00a0\u00bbleft\u00a0\u00bb row_border_radius=\u00a0\u00bbnone\u00a0\u00bb row_border_radius_applies=\u00a0\u00bbbg\u00a0\u00bb overlay_strength=\u00a0\u00bb0.3&Prime; gradient_direction=\u00a0\u00bbleft_to_right\u00a0\u00bb shape_divider_position=\u00a0\u00bbbottom\u00a0\u00bb bg_image_animation=\u00a0\u00bbnone\u00a0\u00bb][vc_column column_padding=\u00a0\u00bbno-extra-padding\u00a0\u00bb column_padding_tablet=\u00a0\u00bbinherit\u00a0\u00bb column_padding_phone=\u00a0\u00bbinherit\u00a0\u00bb column_padding_position=\u00a0\u00bball\u00a0\u00bb background_color_opacity=\u00a0\u00bb1&Prime; background_hover_color_opacity=\u00a0\u00bb1&Prime; column_shadow=\u00a0\u00bbnone\u00a0\u00bb column_border_radius=\u00a0\u00bbnone\u00a0\u00bb column_link_target=\u00a0\u00bb_self\u00a0\u00bb gradient_direction=\u00a0\u00bbleft_to_right\u00a0\u00bb overlay_strength=\u00a0\u00bb0.3&Prime; width=\u00a0\u00bb1\/1&Prime; tablet_width_inherit=\u00a0\u00bbdefault\u00a0\u00bb tablet_text_alignment=\u00a0\u00bbdefault\u00a0\u00bb&#8230;<\/p>\n","protected":false},"author":1,"featured_media":0,"parent":0,"menu_order":0,"comment_status":"closed","ping_status":"closed","template":"","meta":{"_monsterinsights_skip_tracking":false,"_monsterinsights_sitenote_active":false,"_monsterinsights_sitenote_note":"","_monsterinsights_sitenote_category":0,"footnotes":""},"class_list":["post-924","page","type-page","status-publish"],"_links":{"self":[{"href":"https:\/\/efitransa.com\/fr\/wp-json\/wp\/v2\/pages\/924","targetHints":{"allow":["GET"]}}],"collection":[{"href":"https:\/\/efitransa.com\/fr\/wp-json\/wp\/v2\/pages"}],"about":[{"href":"https:\/\/efitransa.com\/fr\/wp-json\/wp\/v2\/types\/page"}],"author":[{"embeddable":true,"href":"https:\/\/efitransa.com\/fr\/wp-json\/wp\/v2\/users\/1"}],"replies":[{"embeddable":true,"href":"https:\/\/efitransa.com\/fr\/wp-json\/wp\/v2\/comments?post=924"}],"version-history":[{"count":1,"href":"https:\/\/efitransa.com\/fr\/wp-json\/wp\/v2\/pages\/924\/revisions"}],"predecessor-version":[{"id":925,"href":"https:\/\/efitransa.com\/fr\/wp-json\/wp\/v2\/pages\/924\/revisions\/925"}],"wp:attachment":[{"href":"https:\/\/efitransa.com\/fr\/wp-json\/wp\/v2\/media?parent=924"}],"curies":[{"name":"wp","href":"https:\/\/api.w.org\/{rel}","templated":true}]}}