{"id":805,"date":"2021-02-20T18:51:55","date_gmt":"2021-02-20T18:51:55","guid":{"rendered":"https:\/\/efitransa.quadralia.net\/privacy-policy-and-cookies\/"},"modified":"2021-03-16T15:32:19","modified_gmt":"2021-03-16T15:32:19","slug":"privacy-policy-and-cookies","status":"publish","type":"page","link":"https:\/\/efitransa.com\/es\/privacy-policy-and-cookies\/","title":{"rendered":"Privacy policy and cookies"},"content":{"rendered":"[vc_row type=\u00bbin_container\u00bb full_screen_row_position=\u00bbmiddle\u00bb column_margin=\u00bbdefault\u00bb column_direction=\u00bbdefault\u00bb column_direction_tablet=\u00bbdefault\u00bb column_direction_phone=\u00bbdefault\u00bb scene_position=\u00bbcenter\u00bb text_color=\u00bbdark\u00bb text_align=\u00bbleft\u00bb row_border_radius=\u00bbnone\u00bb row_border_radius_applies=\u00bbbg\u00bb overlay_strength=\u00bb0.3&#8243; gradient_direction=\u00bbleft_to_right\u00bb shape_divider_position=\u00bbbottom\u00bb bg_image_animation=\u00bbnone\u00bb][vc_column column_padding=\u00bbno-extra-padding\u00bb column_padding_tablet=\u00bbinherit\u00bb column_padding_phone=\u00bbinherit\u00bb column_padding_position=\u00bball\u00bb background_color_opacity=\u00bb1&#8243; background_hover_color_opacity=\u00bb1&#8243; column_shadow=\u00bbnone\u00bb column_border_radius=\u00bbnone\u00bb column_link_target=\u00bb_self\u00bb gradient_direction=\u00bbleft_to_right\u00bb overlay_strength=\u00bb0.3&#8243; width=\u00bb1\/1&#8243; tablet_width_inherit=\u00bbdefault\u00bb tablet_text_alignment=\u00bbdefault\u00bb phone_text_alignment=\u00bbdefault\u00bb column_border_width=\u00bbnone\u00bb column_border_style=\u00bbsolid\u00bb bg_image_animation=\u00bbnone\u00bb][vc_column_text]\n<h1>POL\u00cdTICA DE PRIVACIDAD Y COOKIES<\/h1>\n<h3>PROTECCI\u00d3N DE DATOS PERSONALES<\/h3>\n[\/vc_column_text][divider line_type=\u00bbSmall Line\u00bb line_alignment=\u00bbdefault\u00bb line_thickness=\u00bb3&#8243; divider_color=\u00bbaccent-color\u00bb custom_height=\u00bb30&#8243;][vc_column_text]Los datos personales vinculados a esta web respetan las exigencias de la Ley Org\u00e1nica 3\/2018, de 5 de diciembre, de Protecci\u00f3n de Datos Personales y garant\u00eda de los derechos digitales\u00a0 y dem\u00e1s legislaci\u00f3n y normativa vigente en materia de protecci\u00f3n de datos.<\/p>\n<p><strong>\u00bfQUI\u00c9N ES EL RESPONSABLE DEL TRATAMIENTO?<\/strong><\/p>\n<p>Raz\u00f3n social:\u00a0<strong>EFITRANSA EFFICIENT LOGISTICS, S.L.U.<\/strong>\u00a0(en adelante \u00abEFITRANSA\u00bb),<\/p>\n<p>Domicilio Fiscal: C\/ Plaza de La Princesa, 7-9 1\u00ba \u2013 362020 \u2013 Vigo (Pontevedra) \u2013 ESPA\u00d1A.<\/p>\n<ul>\n<li>NIF: B87457123 (VAT: ESB87457123)<\/li>\n<li>Tel\u00e9fono: +34 986248125<\/li>\n<li>E-mail: info@efitransa.com<\/li>\n<\/ul>\n<p><strong>\u00bfCON QU\u00c9 FINALIDAD TRATAMOS SUS DATOS PERSONALES?<\/strong><\/p>\n<p>Con la finalidad de gestionar el env\u00edo de la informaci\u00f3n solicitada a trav\u00e9s del apartado de contacto.<\/p>\n<p>Enviarles informaci\u00f3n sobre servicios y productos que consideremos que pueda ser de su inter\u00e9s.<\/p>\n<p><strong>\u00bfDURANTE CU\u00c1NTO TIEMPO CONSERVAREMOS SUS DATOS PERSONALES?<\/strong><\/p>\n<p>Sus datos ser\u00e1n conservados el tiempo necesario para la correcta prestaci\u00f3n del servicio ofrecido, as\u00ed como para atender las responsabilidades que se pudieran derivar del mismo.<\/p>\n<p><strong>\u00bfCU\u00c1L ES LA LEGITIMACI\u00d3N PARA EL TRATAMIENTO DE SUS DATOS?<\/strong><\/p>\n<p>La legitimaci\u00f3n para el tratamiento depende de cada una de las finalidades anteriormente expuestas, siendo el consentimiento, en el caso de solicitud de informaci\u00f3n a trav\u00e9s de la secci\u00f3n de contacto, o la relaci\u00f3n pre-contractual\/contractual, en el caso de solicitud de presupuestos.<\/p>\n<p><strong>\u00bfA QU\u00c9 DESTINATARIOS SE COMUNICAR\u00c1N SUS DATOS?<\/strong><\/p>\n<p>No se realizar\u00e1n comunicaciones de datos a terceros, salvo las obligadas por Ley. En cualquier caso, se realizar\u00e1n las cesiones para cada una de las finalidades y que se encuentran disponibles en la secci\u00f3n correspondiente al clausulado, en nuestra web.<\/p>\n<p><strong>\u00bfSE REALIZAR\u00c1N TRANSFERENCIA DE DATOS A TERCEROS PA\u00cdSES?<\/strong><\/p>\n<p>No se van a producir Transferencias Internacionales de datos.<\/p>\n<p><strong>\u00bfCU\u00c1LES SON SUS DERECHOS CUANDO NOS FACILITA SUS DATOS PERSONALES?<\/strong><\/p>\n<ul>\n<li>Acceso: derecho a obtener confirmaci\u00f3n sobre si estamos tratando datos personales suyos o no, a saber, cu\u00e1les son, para que se usan, cu\u00e1nto tiempo se van a guardar, el origen de los mismos y si se han comunicado o se van a comunicar a un tercero.<\/li>\n<li>Rectificaci\u00f3n: derecho a solicitar la rectificaci\u00f3n de los datos inexactos y a que se completen los datos personales incompletos.<\/li>\n<li>Supresi\u00f3n: derecho a solicitar la supresi\u00f3n de los datos de car\u00e1cter personal cuando sean inadecuados, excesivos o ya no sean necesarios para los fines para los que fueron recogidos, incluido el derecho al olvido.<\/li>\n<li>Oposici\u00f3n: derecho a oponerse, en determinadas circunstancias, a que se realice el tratamiento de sus datos personales o a solicitar que se cese en el tratamiento.<\/li>\n<li>Limitaci\u00f3n del Tratamiento: derecho a solicitar, en las circunstancias establecidas legalmente, que no se traten sus datos m\u00e1s all\u00e1 de la mera conservaci\u00f3n de los mismos.<\/li>\n<li>Portabilidad: derecho a recibir los datos de car\u00e1cter personal en un formato estructurado, de uso com\u00fan y lectura mec\u00e1nica, y poder transmitirlos a otro responsable, siempre que sea t\u00e9cnicamente posible.<\/li>\n<\/ul>\n<p><strong>\u00bfTENDR\u00c1 LA POSIBILIDAD DE RETIRAR EL CONSENTIMIENTO?<\/strong><\/p>\n<p>Tendr\u00e1 la posibilidad y el derecho de retirar su consentimiento para cualquier finalidad espec\u00edfica otorgada en su momento, sin que ello afecte a la licitud del tratamiento basado en el consentimiento previo a su retirada.<\/p>\n<p>Le informamos que puede retirar su consentimiento en cualquier momento, dirigi\u00e9ndose por escrito a la direcci\u00f3n del Responsable del Tratamiento.<\/p>\n<p>Si usted retira el consentimiento, los tratamientos que se hayan realizado antes continuaran siendo v\u00e1lidos.<\/p>\n<p><strong>\u00bfD\u00d3NDE PODR\u00c1 EJERCITAR SUS DERECHOS?<\/strong><\/p>\n<p>El ejercicio de derechos deber\u00e1 efectuarse por escrito adjuntando fotocopia de su documento identificativo, y dirigirla a la direcci\u00f3n anteriormente citada<\/p>\n<p>Para m\u00e1s informaci\u00f3n: www.agpd.es<\/p>\n<p><strong>\u00bfD\u00d3NDE PODR\u00c1 REALIZAR UNA RECLAMACI\u00d3N?<\/strong><\/p>\n<p>En el caso de que no se hayan respetado sus derechos puede presentar una reclamaci\u00f3n dirigi\u00e9ndose por escrito a la Agencia Espa\u00f1ola de Protecci\u00f3n de Datos sita en la calle Jorge Juan, 6-28001-Madrid o utilizar la sede electr\u00f3nica:\u00a0<a class=\"aioseop-link\" href=\"https:\/\/sedeagpd.gob.es\/\">https:\/\/sedeagpd.gob.es<\/a><\/p>\n<p>En ambos casos, deber\u00e1 acompa\u00f1ar la documentaci\u00f3n pertinente.<\/p>\n<h3 class=\"has-text-align-center\"><strong>POL\u00cdTICA DE COOKIES<\/strong><\/h3>\n<p><strong>\u00bfQU\u00c9 SON LAS COOKIES?<\/strong><\/p>\n<p>Una cookie es un archivo o dispositivo que se descarga en el equipo terminal de un usuario con la finalidad de almacenar datos que podr\u00e1n ser actualizados y recuperados por la entidad responsable de su instalaci\u00f3n. Es decir, es un fichero que se descarga en su ordenador al acceder a determinadas p\u00e1ginas web. Las cookies permiten a una p\u00e1gina web, entre otras cosas, almacenar y recuperar informaci\u00f3n sobre los h\u00e1bitos de navegaci\u00f3n de un usuario o de su equipo y, dependiendo de la informaci\u00f3n que contengan y de la forma en que utilice su equipo, pueden utilizarse para reconocer al usuario.<\/p>\n<p>Utilizamos diferentes tecnolog\u00edas para recoger y almacenar datos cuando accede a nuestro portal web, incluyendo el env\u00edo de una o varias cookies a su equipo.<\/p>\n<p><strong>COOKIES DE TERCEROS<\/strong><\/p>\n<p>Se emplean cookies de Google Analytics para control de usuarios y objetivos.<\/p>\n<p>Estas son:<\/p>\n<ul>\n<li>_ga: esta cookie se utiliza para distinguir usuarios \u00fanicos mediante la asignaci\u00f3n de un n\u00famero generado aleatoriamente como un identificador de cliente. Se incluye en cada solicitud de p\u00e1gina en un sitio y se utiliza para calcular los datos de visitantes, sesiones y campa\u00f1as para los informes anal\u00edticos de los sitios. De manera predeterminada, caducar\u00e1 despu\u00e9s de 2 a\u00f1os, aunque los propietarios del sitio web pueden personalizarlo.El objetivo principal de esta cookie es: Rendimiento.<\/li>\n<li>_gid: almacena y actualiza un valor \u00fanico para cada p\u00e1gina visitada. El objetivo principal de esta cookie es: Rendimiento.<\/li>\n<li>1P_JAR: lleva a cabo informaci\u00f3n sobre c\u00f3mo el usuario final usa el sitio web y cualquier publicidad que el usuario final haya visto antes de visitar dicho sitio web. El objetivo principal de esta cookie es: Orientaci\u00f3n \/ Publicidad.<\/li>\n<li>CONSENT: esta cookie lleva a cabo informaci\u00f3n sobre c\u00f3mo el usuario final usa el sitio web y cualquier publicidad que el usuario final haya visto antes de visitar dicho sitio web. El objetivo principal de esta cookie es: Orientaci\u00f3n \/ Publicidad.<\/li>\n<li>NID, APISID, HSID, NID, PREF, SAPISID, SID, SSID, SIDCC:: Google utiliza cookies, como las cookies PREF, NID y SID, para poder personalizar los anuncios que se muestran en los servicios de Google como, por ejemplo, la B\u00fasqueda de Google. Utilizan esas cookies, por ejemplo, para recordarte tus b\u00fasquedas m\u00e1s recientes, tus interacciones anteriores con los resultados de b\u00fasqueda o con la publicidad de un anunciante y tus visitas al sitio web de un anunciante. De ese modo, pueden mostrarte anuncios personalizados en Google. Usamos v\u00eddeos de YouTube para alojar contenido de v\u00eddeo. Cuando visitas una p\u00e1gina en nuestra p\u00e1gina web que contiene un video incrustado de YouTube, YouTube crea, al menos, tres cookies: VISITOR_INFO1_LIVE, use_hitbox y PREF. En algunos casos, se crea una cookie GEO. Utilizamos los servicios de YouTube para la comodidad de nuestros visitantes, y siempre que se siga la pol\u00edtica de privacidad de Google. El objetivo principal de esta cookie es: Orientaci\u00f3n \/ Publicidad.<\/li>\n<\/ul>\n<p><strong>LISTA DE COOKIES PROPIAS<\/strong><\/p>\n<p>Se emplean cookies propias para mejorar la experiencia del usuario:<\/p>\n<ul>\n<li>_atuvc, _atuvs, loc,\u00a0 uvc,: asociada con el widget para compartir en redes sociales AddThis, integrado en el sitio web para permitir a los visitantes compartir contenido con una variedad de plataformas de redes y recursos compartidos. Almacena un recuento actualizado de p\u00e1ginas compartidas. El objetivo principal de esta cookie es: Funcionalidad.<\/li>\n<li>cookielawinfo-checkbox-necessary: asociada al sistema de aceptaci\u00f3n de las cookies del portal web.<\/li>\n<\/ul>\n<p><strong>\u00bfC\u00d3MO PUEDE EL USUARIO GESTIONAR LAS COOKIES?<\/strong><\/p>\n<p>Todos los navegadores permiten al usuario obtener informaci\u00f3n general sobre las cookies instaladas en una web, concretamente verificar la existencia de las mismas, su duraci\u00f3n o el sistema de eliminaci\u00f3n<\/p>\n<p>Siga el enlace seg\u00fan el navegador que utilice para m\u00e1s informaci\u00f3n:<\/p>\n<ul>\n<li><a href=\"https:\/\/support.google.com\/chrome\/answer\/95647?hl=es\">Google Chrome<\/a><\/li>\n<li><a href=\"https:\/\/support.mozilla.org\/es\/kb\/cookies-informacion-que-los-sitios-web-guardan-en-\">Mozilla Firefox<\/a><\/li>\n<li><a href=\"https:\/\/support.microsoft.com\/es-es\/hub\/4338813\/windows-help?os=windows-10\">Internet Explorer<\/a><\/li>\n<\/ul>\n<p>Por otra parte, el usuario podr\u00e1 permitir, bloquear o eliminar las cookies instaladas en su equipo modificando la configuraci\u00f3n de su navegador conforme a las instrucciones indicadas en el mismo.<\/p>\n<p>Conviene tener en cuenta que, si se impide la instalaci\u00f3n de todas las cookies, el contenido de la web as\u00ed como determinadas funcionalidades y servicios facilitados por la misma pueden verse afectados.[\/vc_column_text][\/vc_column][\/vc_row]\n","protected":false},"excerpt":{"rendered":"<p>[vc_row type=\u00bbin_container\u00bb full_screen_row_position=\u00bbmiddle\u00bb column_margin=\u00bbdefault\u00bb column_direction=\u00bbdefault\u00bb column_direction_tablet=\u00bbdefault\u00bb column_direction_phone=\u00bbdefault\u00bb scene_position=\u00bbcenter\u00bb text_color=\u00bbdark\u00bb text_align=\u00bbleft\u00bb row_border_radius=\u00bbnone\u00bb row_border_radius_applies=\u00bbbg\u00bb overlay_strength=\u00bb0.3&#8243; gradient_direction=\u00bbleft_to_right\u00bb shape_divider_position=\u00bbbottom\u00bb bg_image_animation=\u00bbnone\u00bb][vc_column column_padding=\u00bbno-extra-padding\u00bb column_padding_tablet=\u00bbinherit\u00bb column_padding_phone=\u00bbinherit\u00bb column_padding_position=\u00bball\u00bb background_color_opacity=\u00bb1&#8243; background_hover_color_opacity=\u00bb1&#8243; column_shadow=\u00bbnone\u00bb column_border_radius=\u00bbnone\u00bb column_link_target=\u00bb_self\u00bb gradient_direction=\u00bbleft_to_right\u00bb overlay_strength=\u00bb0.3&#8243; width=\u00bb1\/1&#8243; tablet_width_inherit=\u00bbdefault\u00bb tablet_text_alignment=\u00bbdefault\u00bb&#8230;<\/p>\n","protected":false},"author":1,"featured_media":0,"parent":0,"menu_order":0,"comment_status":"closed","ping_status":"closed","template":"","meta":{"_monsterinsights_skip_tracking":false,"_monsterinsights_sitenote_active":false,"_monsterinsights_sitenote_note":"","_monsterinsights_sitenote_category":0,"footnotes":""},"class_list":["post-805","page","type-page","status-publish"],"_links":{"self":[{"href":"https:\/\/efitransa.com\/es\/wp-json\/wp\/v2\/pages\/805","targetHints":{"allow":["GET"]}}],"collection":[{"href":"https:\/\/efitransa.com\/es\/wp-json\/wp\/v2\/pages"}],"about":[{"href":"https:\/\/efitransa.com\/es\/wp-json\/wp\/v2\/types\/page"}],"author":[{"embeddable":true,"href":"https:\/\/efitransa.com\/es\/wp-json\/wp\/v2\/users\/1"}],"replies":[{"embeddable":true,"href":"https:\/\/efitransa.com\/es\/wp-json\/wp\/v2\/comments?post=805"}],"version-history":[{"count":1,"href":"https:\/\/efitransa.com\/es\/wp-json\/wp\/v2\/pages\/805\/revisions"}],"predecessor-version":[{"id":806,"href":"https:\/\/efitransa.com\/es\/wp-json\/wp\/v2\/pages\/805\/revisions\/806"}],"wp:attachment":[{"href":"https:\/\/efitransa.com\/es\/wp-json\/wp\/v2\/media?parent=805"}],"curies":[{"name":"wp","href":"https:\/\/api.w.org\/{rel}","templated":true}]}}